{"id":717,"date":"2023-09-07T21:11:44","date_gmt":"2023-09-07T21:11:44","guid":{"rendered":"https:\/\/acatech.top\/?post_type=product&#038;p=717"},"modified":"2023-09-11T16:46:31","modified_gmt":"2023-09-11T16:46:31","slug":"luces-led-fx5-para-faros-y-exploradoras-h1-h3-h4-h7-h11-h16-880-9005-9006","status":"publish","type":"product","link":"https:\/\/acatech.top\/index.php\/product\/luces-led-fx5-para-faros-y-exploradoras-h1-h3-h4-h7-h11-h16-880-9005-9006\/","title":{"rendered":"Luces Led FX5 Para Faros Y Exploradoras"},"content":{"rendered":"<p>Voltaje de funcionamiento:<br \/>\nTemperatura de funcionamiento: -40 \u00b0C ~ + 80 \u00b0C<br \/>\nTemperatura de color: 6500K<br \/>\nDise\u00f1o: Todo en uno con ventilador de refrigeraci\u00f3n<br \/>\nCon funci\u00f3n CanBus<br \/>\nVida \u00fatil del sistema: >30000hrs<br \/>\nTeor\u00eda de disipaci\u00f3n de calor: aluminio de aviaci\u00f3n 6063<\/p>\n<p>La potencia real es el 90% de la potencia te\u00f3rica<br \/>\nModelos adecuados para autom\u00f3viles: 90% de modelos en el mercado<\/p>\n<p>Los productos incluyen:<\/p>\n<p>Par De Bombillos LED<br \/>\nManual en ingl\u00e9s<\/p>\n","protected":false},"excerpt":{"rendered":"<p>Voltaje de funcionamiento: Temperatura de funcionamiento: -40 \u00b0C ~ + 80 \u00b0C Temperatura de color: 6500K Dise\u00f1o: Todo en uno con ventilador de refrigeraci\u00f3n Con funci\u00f3n CanBus Vida \u00fatil del sistema: >30000hrs Teor\u00eda de disipaci\u00f3n de calor: aluminio de aviaci\u00f3n 6063 La potencia real es el 90% de la potencia te\u00f3rica Modelos adecuados para autom\u00f3viles:&hellip;&nbsp;<a href=\"https:\/\/acatech.top\/index.php\/product\/luces-led-fx5-para-faros-y-exploradoras-h1-h3-h4-h7-h11-h16-880-9005-9006\/\" class=\"\" rel=\"bookmark\">Leer m\u00e1s &raquo;<span class=\"screen-reader-text\">Luces Led FX5 Para Faros Y Exploradoras<\/span><\/a><\/p>\n","protected":false},"featured_media":718,"comment_status":"open","ping_status":"closed","template":"","meta":{"neve_meta_sidebar":"","neve_meta_container":"","neve_meta_enable_content_width":"off","neve_meta_content_width":100,"neve_meta_title_alignment":"","neve_meta_author_avatar":"","neve_post_elements_order":"","neve_meta_disable_header":"","neve_meta_disable_footer":"","neve_meta_disable_title":""},"product_cat":[20],"product_tag":[],"_links":{"self":[{"href":"https:\/\/acatech.top\/index.php\/wp-json\/wp\/v2\/product\/717"}],"collection":[{"href":"https:\/\/acatech.top\/index.php\/wp-json\/wp\/v2\/product"}],"about":[{"href":"https:\/\/acatech.top\/index.php\/wp-json\/wp\/v2\/types\/product"}],"replies":[{"embeddable":true,"href":"https:\/\/acatech.top\/index.php\/wp-json\/wp\/v2\/comments?post=717"}],"wp:featuredmedia":[{"embeddable":true,"href":"https:\/\/acatech.top\/index.php\/wp-json\/wp\/v2\/media\/718"}],"wp:attachment":[{"href":"https:\/\/acatech.top\/index.php\/wp-json\/wp\/v2\/media?parent=717"}],"wp:term":[{"taxonomy":"product_cat","embeddable":true,"href":"https:\/\/acatech.top\/index.php\/wp-json\/wp\/v2\/product_cat?post=717"},{"taxonomy":"product_tag","embeddable":true,"href":"https:\/\/acatech.top\/index.php\/wp-json\/wp\/v2\/product_tag?post=717"}],"curies":[{"name":"wp","href":"https:\/\/api.w.org\/{rel}","templated":true}]}}