{"id":728,"date":"2023-09-07T22:26:34","date_gmt":"2023-09-07T22:26:34","guid":{"rendered":"https:\/\/acatech.top\/?post_type=product&#038;p=728"},"modified":"2023-09-07T22:26:34","modified_gmt":"2023-09-07T22:26:34","slug":"cocuyos-canbus-t10-led-alta-intensidad-x2-unidades","status":"publish","type":"product","link":"https:\/\/acatech.top\/index.php\/product\/cocuyos-canbus-t10-led-alta-intensidad-x2-unidades\/","title":{"rendered":"Cocuyos CanBus T10 Led, Alta Intensidad X2 Unidades"},"content":{"rendered":"<p>Bombillo T10 W16W de Alta intensidad, los m\u00e1s potentes de su clase, son compatible con todo tipo de veh\u00edculos y motocicletas, para farolas, luz de placa, etc.<\/p>\n<p>Voltaje: 12-24V DC<br \/>\nPotencia: 3W<br \/>\nL\u00famenes: 900lm<br \/>\nTipo de LED: 4014SMD<br \/>\nColor: 6500K blanco<\/p>\n","protected":false},"excerpt":{"rendered":"<p>Bombillo T10 W16W de Alta intensidad, los m\u00e1s potentes de su clase, son compatible con todo tipo de veh\u00edculos y motocicletas, para farolas, luz de placa, etc. Voltaje: 12-24V DC Potencia: 3W L\u00famenes: 900lm Tipo de LED: 4014SMD Color: 6500K blanco<\/p>\n","protected":false},"featured_media":729,"comment_status":"open","ping_status":"closed","template":"","meta":{"neve_meta_sidebar":"","neve_meta_container":"","neve_meta_enable_content_width":"off","neve_meta_content_width":100,"neve_meta_title_alignment":"","neve_meta_author_avatar":"","neve_post_elements_order":"","neve_meta_disable_header":"","neve_meta_disable_footer":"","neve_meta_disable_title":""},"product_cat":[20],"product_tag":[],"_links":{"self":[{"href":"https:\/\/acatech.top\/index.php\/wp-json\/wp\/v2\/product\/728"}],"collection":[{"href":"https:\/\/acatech.top\/index.php\/wp-json\/wp\/v2\/product"}],"about":[{"href":"https:\/\/acatech.top\/index.php\/wp-json\/wp\/v2\/types\/product"}],"replies":[{"embeddable":true,"href":"https:\/\/acatech.top\/index.php\/wp-json\/wp\/v2\/comments?post=728"}],"wp:featuredmedia":[{"embeddable":true,"href":"https:\/\/acatech.top\/index.php\/wp-json\/wp\/v2\/media\/729"}],"wp:attachment":[{"href":"https:\/\/acatech.top\/index.php\/wp-json\/wp\/v2\/media?parent=728"}],"wp:term":[{"taxonomy":"product_cat","embeddable":true,"href":"https:\/\/acatech.top\/index.php\/wp-json\/wp\/v2\/product_cat?post=728"},{"taxonomy":"product_tag","embeddable":true,"href":"https:\/\/acatech.top\/index.php\/wp-json\/wp\/v2\/product_tag?post=728"}],"curies":[{"name":"wp","href":"https:\/\/api.w.org\/{rel}","templated":true}]}}